{"id":836,"date":"2026-02-20T15:00:00","date_gmt":"2026-02-20T14:00:00","guid":{"rendered":"https:\/\/evoluzen.fr\/?page_id=836"},"modified":"2026-02-20T15:43:00","modified_gmt":"2026-02-20T14:43:00","slug":"radiesthesie-liberation-energetique","status":"publish","type":"page","link":"https:\/\/evoluzen.fr\/index.php\/radiesthesie-liberation-energetique\/","title":{"rendered":"Radiesth\u00e9sie &amp; Lib\u00e9ration \u00c9nerg\u00e9tique"},"content":{"rendered":"\n<p><em>L\u2019art de d\u00e9coder l\u2019invisible pour lib\u00e9rer votre pr\u00e9sent.<\/em><\/p>\n\n\n\n<figure class=\"wp-block-image size-large\"><img loading=\"lazy\" decoding=\"async\" width=\"944\" height=\"1024\" src=\"https:\/\/evoluzen.fr\/wp-content\/uploads\/2026\/02\/IMG_20260216_104056_104814-1-944x1024.jpg\" alt=\"\" class=\"wp-image-845\" srcset=\"https:\/\/evoluzen.fr\/wp-content\/uploads\/2026\/02\/IMG_20260216_104056_104814-1-944x1024.jpg 944w, https:\/\/evoluzen.fr\/wp-content\/uploads\/2026\/02\/IMG_20260216_104056_104814-1-277x300.jpg 277w, https:\/\/evoluzen.fr\/wp-content\/uploads\/2026\/02\/IMG_20260216_104056_104814-1-768x833.jpg 768w, https:\/\/evoluzen.fr\/wp-content\/uploads\/2026\/02\/IMG_20260216_104056_104814-1-1417x1536.jpg 1417w, https:\/\/evoluzen.fr\/wp-content\/uploads\/2026\/02\/IMG_20260216_104056_104814-1-1889x2048.jpg 1889w\" sizes=\"auto, (max-width: 944px) 100vw, 944px\" \/><\/figure>\n\n\n\n<p>La radiesth\u00e9sie est un outil de pr\u00e9cision qui permet de dialoguer avec votre champ vibratoire. En allant au-del\u00e0 de ce qui est visible, j&#8217;identifie les causes profondes de vos d\u00e9s\u00e9quilibres pour restaurer votre vitalit\u00e9.<\/p>\n\n\n\n<h5 class=\"wp-block-heading\">Pourquoi y recourir ?<\/h5>\n\n\n\n<p>Cette s\u00e9ance est con\u00e7ue pour ceux qui ressentent le besoin d\u2019un grand nettoyage int\u00e9rieur. Elle intervient sur deux plans compl\u00e9mentaires :<\/p>\n\n\n\n<ul class=\"wp-block-list\">\n<li>R\u00e9\u00e9quilibrage \u00c9nerg\u00e9tique : analyse et harmonisation de vos chakras et de vos corps subtils. Nous lib\u00e9rons les charges li\u00e9es au stress et \u00e0 la fatigue quotidienne pour relancer votre circulation d&#8217;\u00e9nergie.<\/li>\n\n\n\n<li>Nettoyage Karmique : le pendule permet d&#8217;identifier et de d\u00e9nouer les liens karmiques qui vous freinent. C\u2019est l\u2019outil id\u00e9al pour <strong>en<\/strong> <strong>finir avec les sch\u00e9mas r\u00e9p\u00e9titifs<\/strong> et d\u00e9bloquer des situations qui semblent stagner malgr\u00e9 vos efforts.<\/li>\n<\/ul>\n\n\n\n<h5 class=\"wp-block-heading\">Les b\u00e9n\u00e9fices de la s\u00e9ance :<\/h5>\n\n\n\n<ul class=\"wp-block-list\">\n<li>Une sensation de l\u00e9g\u00e8ret\u00e9 dans les 72 heures.<\/li>\n\n\n\n<li>La fin des cycles r\u00e9p\u00e9titifs et des blocages inexpliqu\u00e9s.<\/li>\n\n\n\n<li>Un alignement retrouv\u00e9 entre votre corps, votre esprit et votre chemin de vie.<\/li>\n<\/ul>\n\n\n\n<h5 class=\"wp-block-heading\">D\u00e9roulement de la s\u00e9ance <\/h5>\n\n\n\n<p>Je pratique la radiesth\u00e9sie \u00e0 distance, ce qui vous permet de b\u00e9n\u00e9ficier d&#8217;un r\u00e9\u00e9quilibrage profond sans avoir \u00e0 vous d\u00e9placer. <\/p>\n\n\n\n<p>Libert\u00e9 d&#8217;action : durant l&#8217;heure de l&#8217;intervention, vous pouvez continuer \u00e0 vaquer \u00e0 vos occupations habituelles chez vous (lecture, repos, travail calme). Votre corps recevra l&#8217;\u00e9nergie l\u00e0 o\u00f9 il en a besoin, que vous soyez au repos ou en activit\u00e9.<\/p>\n\n\n\n<h5 class=\"wp-block-heading\">Apr\u00e8s la s\u00e9ance : Int\u00e9gration &amp; Ressentis<\/h5>\n\n\n\n<p>Le r\u00e9\u00e9quilibrage \u00e9nerg\u00e9tique d\u00e9clenche un processus de &#8220;remise en mouvement&#8221; de vos fluides et de vos m\u00e9moires. Durant et\/ou apr\u00e8s la s\u00e9ance, il est possible que vous perceviez certains signaux physiques. Ces manifestations sont le signe que votre corps s&#8217;ajuste et lib\u00e8re les tensions.<\/p>\n\n\n\n<h6 class=\"wp-block-heading\">Ce que vous pourrez ressentir :<\/h6>\n\n\n\n<ul class=\"wp-block-list\">\n<li>Sensations thermiques : frissons, vagues de chaud ou de froid.<\/li>\n\n\n\n<li>Sensations physiques : fourmillements, l\u00e9gers picotements.<\/li>\n\n\n\n<li>R\u00e9actions passag\u00e8res (rares) : une l\u00e9g\u00e8re pression au niveau de la t\u00eate, des vertiges \u00e9ph\u00e9m\u00e8res ou une &#8220;crise de gu\u00e9rison&#8221; (fatigu\u00e9 soudaine ou lib\u00e9ration \u00e9motionnelle\/ physique intense).<\/li>\n<\/ul>\n\n\n\n<p>Ces ph\u00e9nom\u00e8nes sont temporaires et t\u00e9moignent de l&#8217;efficacit\u00e9 du nettoyage. Ils laissent rapidement place \u00e0 une sensation de clart\u00e9 et de l\u00e9g\u00e8ret\u00e9 retrouv\u00e9e. <\/p>\n\n\n\n<p><em>Pensez \u00e0 bien vous hydrater apr\u00e8s la s\u00e9ance pour accompagner l&#8217;\u00e9limination des toxines \u00e9nerg\u00e9tiques.<\/em><\/p>\n\n\n\n<h5 class=\"wp-block-heading\">Hygi\u00e8ne vibratoire <\/h5>\n\n\n\n<p>Pour permettre \u00e0 l&#8217;\u00e9nergie de circuler de mani\u00e8re optimale et faciliter l&#8217;int\u00e9gration du nettoyage karmique, je vous demande simplement de respecter deux conditions durant la s\u00e9ance :<\/p>\n\n\n\n<ul class=\"wp-block-list\">\n<li>Ne pas consommer d&#8217;alcool<\/li>\n\n\n\n<li>Ne pas pratiquer d&#8217;activit\u00e9 sportive <\/li>\n<\/ul>\n\n\n\n<p>\u00c0 l&#8217;issue de la s\u00e9ance, je reviens vers vous pour vous partager les points cl\u00e9s du bilan et les lib\u00e9rations effectu\u00e9es.<\/p>\n\n\n\n<p><strong>Tarif : 60 euros (dur\u00e9e : 1 heure)<\/strong><\/p>\n\n\n\n<p class=\"has-small-font-size\"><\/p>\n","protected":false},"excerpt":{"rendered":"<p>L\u2019art de d\u00e9coder l\u2019invisible pour lib\u00e9rer votre pr\u00e9sent. La radiesth\u00e9sie est un outil de pr\u00e9cision qui permet de dialoguer avec votre champ vibratoire. En allant au-del\u00e0 de ce qui est &hellip; <\/p>\n","protected":false},"author":1,"featured_media":0,"parent":0,"menu_order":0,"comment_status":"closed","ping_status":"closed","template":"","meta":{"footnotes":""},"class_list":["post-836","page","type-page","status-publish","hentry","has-meta has-sticky-meta"],"_links":{"self":[{"href":"https:\/\/evoluzen.fr\/index.php\/wp-json\/wp\/v2\/pages\/836","targetHints":{"allow":["GET"]}}],"collection":[{"href":"https:\/\/evoluzen.fr\/index.php\/wp-json\/wp\/v2\/pages"}],"about":[{"href":"https:\/\/evoluzen.fr\/index.php\/wp-json\/wp\/v2\/types\/page"}],"author":[{"embeddable":true,"href":"https:\/\/evoluzen.fr\/index.php\/wp-json\/wp\/v2\/users\/1"}],"replies":[{"embeddable":true,"href":"https:\/\/evoluzen.fr\/index.php\/wp-json\/wp\/v2\/comments?post=836"}],"version-history":[{"count":7,"href":"https:\/\/evoluzen.fr\/index.php\/wp-json\/wp\/v2\/pages\/836\/revisions"}],"predecessor-version":[{"id":846,"href":"https:\/\/evoluzen.fr\/index.php\/wp-json\/wp\/v2\/pages\/836\/revisions\/846"}],"wp:attachment":[{"href":"https:\/\/evoluzen.fr\/index.php\/wp-json\/wp\/v2\/media?parent=836"}],"curies":[{"name":"wp","href":"https:\/\/api.w.org\/{rel}","templated":true}]}}