{"id":813,"date":"2026-02-17T14:28:32","date_gmt":"2026-02-17T13:28:32","guid":{"rendered":"https:\/\/evoluzen.fr\/?page_id=813"},"modified":"2026-02-17T14:33:33","modified_gmt":"2026-02-17T13:33:33","slug":"seance-psycho-energetique","status":"publish","type":"page","link":"https:\/\/evoluzen.fr\/index.php\/seance-psycho-energetique\/","title":{"rendered":"S\u00e9ance Psycho-\u00e9nerg\u00e9tique"},"content":{"rendered":"\n<p>L\u00e0 o\u00f9 le soin \u00e9nerg\u00e9tique harmonise vos flux, la <strong>s\u00e9ance psycho-\u00e9nerg\u00e9tique<\/strong> va chercher la racine de vos blocages. C\u2019est un travail d&#8217;\u00e9quipe entre votre conscient et votre corps pour d\u00e9loger les m\u00e9moires \u00e9motionnelles cristallis\u00e9es qui freinent votre \u00e9panouissement.<\/p>\n\n\n\n<p>Cette approche combine l\u2019\u00e9coute active et la lecture intuitive pour agir sur : <\/p>\n\n\n\n<ul class=\"wp-block-list\">\n<li><strong>Les m\u00e9moires \u00e9motionnelles<\/strong> : identifier et lib\u00e9rer les charges li\u00e9es \u00e0 des traumas, des non-dits ou des chocs pass\u00e9s.<\/li>\n\n\n\n<li><strong>Les sch\u00e9mas r\u00e9p\u00e9titifs<\/strong> : comprendre pourquoi certaines situations (\u00e9checs, peurs, blocages relationnels) reviennent sans cesse afin de s&#8217;en d\u00e9tacher.<\/li>\n\n\n\n<li><strong>Le syst\u00e8me nerveux<\/strong> : apaiser en profondeur l&#8217;\u00e9tat d&#8217;alerte permanent (stress chronique, hypervigilance) pour retrouver une s\u00e9curit\u00e9 int\u00e9rieure.<\/li>\n<\/ul>\n\n\n\n<h5 class=\"wp-block-heading\">Ma m\u00e9thode : Un pont entre psych\u00e9 et \u00e9nergie<\/h5>\n\n\n\n<p>En tant que praticienne, je vous accompagne dans un dialogue th\u00e9rapeutique soutenu par le soin vibratoire. En distanciel, nous travaillons ensemble sur les liens entre vos pens\u00e9es et vos blocages corporels. J&#8217;utilise la radiesth\u00e9sie et des protocoles de lib\u00e9ration cibl\u00e9s pour d\u00e9nouer les n\u0153uds psychiques et restaurer votre souverainet\u00e9 \u00e9motionnelle.<\/p>\n\n\n\n<p>Il est particuli\u00e8rement recommand\u00e9 d\u2019y recourir pour traiter des probl\u00e9matiques ancr\u00e9es ou des p\u00e9riodes de saturation mentale :<\/p>\n\n\n\n<ul class=\"wp-block-list\">\n<li><strong>Blessures<\/strong> <strong>profondes<\/strong> : rejet, abandon, humiliation, trahison ou injustice.<\/li>\n\n\n\n<li><strong>Difficult\u00e9s professionnelles ou familiales<\/strong> : harc\u00e8lement, \u00e9puisement \u00e9motionnel, deuils complexes ou h\u00e9ritages familiaux pesants.<\/li>\n\n\n\n<li><strong>Transitions de vie majeures<\/strong> : besoin de clart\u00e9 pour prendre une d\u00e9cision ou se reconstruire apr\u00e8s un effondrement.<\/li>\n<\/ul>\n\n\n\n<h5 class=\"wp-block-heading\">R\u00e9sultats :<\/h5>\n\n\n\n<p>Clarification des pens\u00e9es, d\u00e9tachement \u00e9motionnel face au pass\u00e9, sensation de l\u00e9g\u00e8ret\u00e9 mentale et <strong>renouveau<\/strong> de la dynamique de vie. Vous participez activement \u00e0 votre propre gu\u00e9rison.<\/p>\n\n\n\n<p><strong>Tarif : 70 euros la s\u00e9ance d&#8217;1h15.<\/strong><\/p>\n\n\n\n<div class=\"wp-block-media-text has-media-on-the-right is-stacked-on-mobile\"><div class=\"wp-block-media-text__content\">\n<p>Pour respecter votre rythme biologique et \u00e9motionnel, les s\u00e9ances de psycho-\u00e9nerg\u00e9tique sont id\u00e9alement espac\u00e9es de 3 semaines. Ce d\u00e9lai permet \u00e0 votre syst\u00e8me nerveux d\u2019int\u00e9grer les changements et de laisser place \u00e0 votre renouveau int\u00e9rieur dans votre quotidien.<\/p>\n<\/div><figure class=\"wp-block-media-text__media\"><img loading=\"lazy\" decoding=\"async\" width=\"1024\" height=\"573\" src=\"https:\/\/evoluzen.fr\/wp-content\/uploads\/2026\/02\/Une-silhouette-de-femme-etheree-marchant-dans-un-champ-de-fleurs-printanier_20260217_125518_0000_010252-1024x573.jpg\" alt=\"\" class=\"wp-image-822 size-full\" srcset=\"https:\/\/evoluzen.fr\/wp-content\/uploads\/2026\/02\/Une-silhouette-de-femme-etheree-marchant-dans-un-champ-de-fleurs-printanier_20260217_125518_0000_010252-1024x573.jpg 1024w, https:\/\/evoluzen.fr\/wp-content\/uploads\/2026\/02\/Une-silhouette-de-femme-etheree-marchant-dans-un-champ-de-fleurs-printanier_20260217_125518_0000_010252-300x168.jpg 300w, https:\/\/evoluzen.fr\/wp-content\/uploads\/2026\/02\/Une-silhouette-de-femme-etheree-marchant-dans-un-champ-de-fleurs-printanier_20260217_125518_0000_010252-768x430.jpg 768w, https:\/\/evoluzen.fr\/wp-content\/uploads\/2026\/02\/Une-silhouette-de-femme-etheree-marchant-dans-un-champ-de-fleurs-printanier_20260217_125518_0000_010252-1536x860.jpg 1536w, https:\/\/evoluzen.fr\/wp-content\/uploads\/2026\/02\/Une-silhouette-de-femme-etheree-marchant-dans-un-champ-de-fleurs-printanier_20260217_125518_0000_010252.jpg 1600w\" sizes=\"auto, (max-width: 1024px) 100vw, 1024px\" \/><\/figure><\/div>\n\n\n\n<p><\/p>\n\n\n\n<p><\/p>\n","protected":false},"excerpt":{"rendered":"<p>L\u00e0 o\u00f9 le soin \u00e9nerg\u00e9tique harmonise vos flux, la s\u00e9ance psycho-\u00e9nerg\u00e9tique va chercher la racine de vos blocages. C\u2019est un travail d&#8217;\u00e9quipe entre votre conscient et votre corps pour d\u00e9loger &hellip; <\/p>\n","protected":false},"author":1,"featured_media":0,"parent":0,"menu_order":0,"comment_status":"closed","ping_status":"closed","template":"","meta":{"footnotes":""},"class_list":["post-813","page","type-page","status-publish","hentry","has-meta has-sticky-meta"],"_links":{"self":[{"href":"https:\/\/evoluzen.fr\/index.php\/wp-json\/wp\/v2\/pages\/813","targetHints":{"allow":["GET"]}}],"collection":[{"href":"https:\/\/evoluzen.fr\/index.php\/wp-json\/wp\/v2\/pages"}],"about":[{"href":"https:\/\/evoluzen.fr\/index.php\/wp-json\/wp\/v2\/types\/page"}],"author":[{"embeddable":true,"href":"https:\/\/evoluzen.fr\/index.php\/wp-json\/wp\/v2\/users\/1"}],"replies":[{"embeddable":true,"href":"https:\/\/evoluzen.fr\/index.php\/wp-json\/wp\/v2\/comments?post=813"}],"version-history":[{"count":15,"href":"https:\/\/evoluzen.fr\/index.php\/wp-json\/wp\/v2\/pages\/813\/revisions"}],"predecessor-version":[{"id":830,"href":"https:\/\/evoluzen.fr\/index.php\/wp-json\/wp\/v2\/pages\/813\/revisions\/830"}],"wp:attachment":[{"href":"https:\/\/evoluzen.fr\/index.php\/wp-json\/wp\/v2\/media?parent=813"}],"curies":[{"name":"wp","href":"https:\/\/api.w.org\/{rel}","templated":true}]}}