{"id":778,"date":"2025-11-04T09:21:51","date_gmt":"2025-11-04T08:21:51","guid":{"rendered":"https:\/\/evoluzen.fr\/?page_id=778"},"modified":"2025-11-04T09:21:51","modified_gmt":"2025-11-04T08:21:51","slug":"harmonisation-des-lieux-professionnels-particuliers","status":"publish","type":"page","link":"https:\/\/evoluzen.fr\/index.php\/harmonisation-des-lieux-professionnels-particuliers\/","title":{"rendered":"Harmonisation des lieux : professionnels &amp; particuliers"},"content":{"rendered":"\n<figure class=\"wp-block-image size-large\"><img loading=\"lazy\" decoding=\"async\" width=\"1024\" height=\"567\" src=\"https:\/\/evoluzen.fr\/wp-content\/uploads\/2025\/11\/architect-9014868_1920-1024x567.png\" alt=\"\" class=\"wp-image-784\" srcset=\"https:\/\/evoluzen.fr\/wp-content\/uploads\/2025\/11\/architect-9014868_1920-1024x567.png 1024w, https:\/\/evoluzen.fr\/wp-content\/uploads\/2025\/11\/architect-9014868_1920-300x166.png 300w, https:\/\/evoluzen.fr\/wp-content\/uploads\/2025\/11\/architect-9014868_1920-768x426.png 768w, https:\/\/evoluzen.fr\/wp-content\/uploads\/2025\/11\/architect-9014868_1920-1536x851.png 1536w, https:\/\/evoluzen.fr\/wp-content\/uploads\/2025\/11\/architect-9014868_1920.png 1920w\" sizes=\"auto, (max-width: 1024px) 100vw, 1024px\" \/><\/figure>\n\n\n\n<p>Votre espace de vie ou de travail est un v\u00e9ritable \u00e9cosyst\u00e8me \u00e9nerg\u00e9tique. Avec le temps, certaines vibrations peuvent s\u2019y accumuler : tensions, ondes nocives, m\u00e9moires \u00e9motionnelles ou perturbations subtiles. Ces d\u00e9s\u00e9quilibres se manifestent souvent par :<\/p>\n\n\n\n<ul class=\"wp-block-list\">\n<li>une sensation de lourdeur ou de malaise dans le lieu<\/li>\n\n\n\n<li>une fatigue persistante ou un manque d&#8217;\u00e9nergie <\/li>\n\n\n\n<li>un climat conflictuel ou pesant<\/li>\n\n\n\n<li>un sentiment de stagnation ou de blocage<\/li>\n<\/ul>\n\n\n\n<p>Je proc\u00e8de \u00e0 une <strong>analyse \u00e9nerg\u00e9tique approfondie<\/strong>, j\u2019identifie les sources de d\u00e9s\u00e9quilibre, puis j\u2019effectue une <strong>harmonisation compl\u00e8te et durable<\/strong>. Le but : purifier, r\u00e9\u00e9quilibrer et revitaliser le lieu pour que vous puissiez y vivre ou y travailler dans une atmosph\u00e8re sereine et lumineuse.<\/p>\n\n\n\n<h5 class=\"wp-block-heading\">Pour les particuliers <\/h5>\n\n\n\n<p>Harmonisation de votre maison, appartement ou terrain afin de retrouver paix, vitalit\u00e9 et \u00e9quilibre dans votre quotidien.<\/p>\n\n\n\n<h5 class=\"wp-block-heading\">Pour les professionnels et entrepreneurs<\/h5>\n\n\n\n<p>J\u2019effectue \u00e9galement l\u2019<strong>\u00e9tude \u00e9nerg\u00e9tique des terrains et locaux professionnels<\/strong> :<\/p>\n\n\n\n<ul class=\"wp-block-list\">\n<li>aide au choix d\u2019un lieu propice \u00e0 votre activit\u00e9<\/li>\n\n\n\n<li>identification des zones denses ou perturb\u00e9es<\/li>\n\n\n\n<li>harmonisation des espaces de travail pour favoriser la concentration, la cr\u00e9ativit\u00e9 et la r\u00e9ussite<\/li>\n<\/ul>\n\n\n\n<p>Aucun d\u00e9placement n\u2019est n\u00e9cessaire : tout se fait \u00e0 distance, \u00e0 partir des \u00e9l\u00e9ments que vous me transmettez lors de la prise de contact.<\/p>\n\n\n\n<p><strong>Tarif : 1 euro\/m\u00b2.<\/strong><br>Le tarif tient compte du volume \u00e9nerg\u00e9tique \u00e0 traiter, proportionnel \u00e0 la surface du lieu.<\/p>\n","protected":false},"excerpt":{"rendered":"<p>Votre espace de vie ou de travail est un v\u00e9ritable \u00e9cosyst\u00e8me \u00e9nerg\u00e9tique. Avec le temps, certaines vibrations peuvent s\u2019y accumuler : tensions, ondes nocives, m\u00e9moires \u00e9motionnelles ou perturbations subtiles. Ces &hellip; <\/p>\n","protected":false},"author":1,"featured_media":0,"parent":0,"menu_order":0,"comment_status":"closed","ping_status":"closed","template":"","meta":{"footnotes":""},"class_list":["post-778","page","type-page","status-publish","hentry","has-meta has-sticky-meta"],"_links":{"self":[{"href":"https:\/\/evoluzen.fr\/index.php\/wp-json\/wp\/v2\/pages\/778","targetHints":{"allow":["GET"]}}],"collection":[{"href":"https:\/\/evoluzen.fr\/index.php\/wp-json\/wp\/v2\/pages"}],"about":[{"href":"https:\/\/evoluzen.fr\/index.php\/wp-json\/wp\/v2\/types\/page"}],"author":[{"embeddable":true,"href":"https:\/\/evoluzen.fr\/index.php\/wp-json\/wp\/v2\/users\/1"}],"replies":[{"embeddable":true,"href":"https:\/\/evoluzen.fr\/index.php\/wp-json\/wp\/v2\/comments?post=778"}],"version-history":[{"count":4,"href":"https:\/\/evoluzen.fr\/index.php\/wp-json\/wp\/v2\/pages\/778\/revisions"}],"predecessor-version":[{"id":785,"href":"https:\/\/evoluzen.fr\/index.php\/wp-json\/wp\/v2\/pages\/778\/revisions\/785"}],"wp:attachment":[{"href":"https:\/\/evoluzen.fr\/index.php\/wp-json\/wp\/v2\/media?parent=778"}],"curies":[{"name":"wp","href":"https:\/\/api.w.org\/{rel}","templated":true}]}}