{"id":769,"date":"2025-10-20T15:43:45","date_gmt":"2025-10-20T13:43:45","guid":{"rendered":"https:\/\/evoluzen.fr\/?page_id=769"},"modified":"2025-10-20T15:43:45","modified_gmt":"2025-10-20T13:43:45","slug":"couper-barrer-le-feu","status":"publish","type":"page","link":"https:\/\/evoluzen.fr\/index.php\/couper-barrer-le-feu\/","title":{"rendered":"Couper\/Barrer le feu"},"content":{"rendered":"\n<p>Depuis quelques ann\u00e9es, je pratiquais en priv\u00e9 le &#8220;<strong>coupage de feu<\/strong>&#8221; \u00e9galement appel\u00e9 &#8220;<strong>barrage de feu<\/strong>&#8220;, uniquement via le bouche-\u00e0-oreille. Aujourd\u2019hui, face \u00e0 la demande croissante, je choisis d&#8217;ouvrir cette prestation \u00e0 tout le monde.<\/p>\n\n\n\n<h4 class=\"wp-block-heading\">Pour quoi ?<\/h4>\n\n\n\n<p>Mon intervention est sans contact, \u00e0 distance, et vise \u00e0 apaiser rapidement diff\u00e9rents types de douleurs :<\/p>\n\n\n\n<ul class=\"wp-block-list\">\n<li><strong>Douleurs inflammatoires<\/strong> li\u00e9es aux effets secondaires de la <strong>chimioth\u00e9rapie<\/strong> ou de la <strong>radioth\u00e9rapie<\/strong> : soulagement en quelques minutes seulement <\/li>\n\n\n\n<li><strong>Migraines<\/strong> : les crises deviennent largement supportables<\/li>\n\n\n\n<li><strong>Sympt\u00f4mes li\u00e9s aux maladies saisonni\u00e8res<\/strong> (otites, angines, maux de gorge, etc.) : apaisement notable<\/li>\n\n\n\n<li><strong>Douleurs dentaires<\/strong> : <strong>pouss\u00e9e dentaire<\/strong> des nourrissons (aide \u00e0 passer de bonnes nuits, et \u00e0 prendre le biberon, \u00e0 mastiquer), \u00e0 la suite de tout type d&#8217;<strong>intervention chirurgicale<\/strong><\/li>\n\n\n\n<li><strong>Douleurs menstruelles<\/strong><\/li>\n<\/ul>\n\n\n\n<p>\u26a0\ufe0f <strong>Important<\/strong> :<\/p>\n\n\n\n<p><em>Avant toute demande, je vous rappelle qu&#8217;il est <strong>imp\u00e9ratif de conna\u00eetre la cause m\u00e9dicale de vos sympt\u00f4mes<\/strong>. Le but n\u2019est pas de masquer un probl\u00e8me sous-jacent mais de <strong>soulager<\/strong> les effets ind\u00e9sirables <strong>une fois le diagnostic \u00e9tabli<\/strong>. Les sympt\u00f4mes sont des signaux pr\u00e9cieux que le corps envoie.<\/em><\/p>\n\n\n\n<h4 class=\"wp-block-heading\">Tarif<\/h4>\n\n\n\n<p><strong>30 euros<\/strong> par intervention <\/p>\n\n\n\n<p><strong>Forfait disponible<\/strong> pour les personnes en cours de traitement contre le cancer<\/p>\n\n\n\n<p>\ud83d\udcde <strong>Me contacter directement pour toute demande ou renseignement.<\/strong><\/p>\n","protected":false},"excerpt":{"rendered":"<p>Depuis quelques ann\u00e9es, je pratiquais en priv\u00e9 le &#8220;coupage de feu&#8221; \u00e9galement appel\u00e9 &#8220;barrage de feu&#8220;, uniquement via le bouche-\u00e0-oreille. Aujourd\u2019hui, face \u00e0 la demande croissante, je choisis d&#8217;ouvrir cette &hellip; <\/p>\n","protected":false},"author":1,"featured_media":0,"parent":0,"menu_order":0,"comment_status":"closed","ping_status":"closed","template":"","meta":{"footnotes":""},"class_list":["post-769","page","type-page","status-publish","hentry","has-meta has-sticky-meta"],"_links":{"self":[{"href":"https:\/\/evoluzen.fr\/index.php\/wp-json\/wp\/v2\/pages\/769","targetHints":{"allow":["GET"]}}],"collection":[{"href":"https:\/\/evoluzen.fr\/index.php\/wp-json\/wp\/v2\/pages"}],"about":[{"href":"https:\/\/evoluzen.fr\/index.php\/wp-json\/wp\/v2\/types\/page"}],"author":[{"embeddable":true,"href":"https:\/\/evoluzen.fr\/index.php\/wp-json\/wp\/v2\/users\/1"}],"replies":[{"embeddable":true,"href":"https:\/\/evoluzen.fr\/index.php\/wp-json\/wp\/v2\/comments?post=769"}],"version-history":[{"count":4,"href":"https:\/\/evoluzen.fr\/index.php\/wp-json\/wp\/v2\/pages\/769\/revisions"}],"predecessor-version":[{"id":774,"href":"https:\/\/evoluzen.fr\/index.php\/wp-json\/wp\/v2\/pages\/769\/revisions\/774"}],"wp:attachment":[{"href":"https:\/\/evoluzen.fr\/index.php\/wp-json\/wp\/v2\/media?parent=769"}],"curies":[{"name":"wp","href":"https:\/\/api.w.org\/{rel}","templated":true}]}}