{"id":637,"date":"2025-04-15T16:26:31","date_gmt":"2025-04-15T14:26:31","guid":{"rendered":"https:\/\/evoluzen.fr\/?page_id=637"},"modified":"2025-09-30T15:21:37","modified_gmt":"2025-09-30T13:21:37","slug":"liberation-karmique-connexion-a-lame","status":"publish","type":"page","link":"https:\/\/evoluzen.fr\/index.php\/liberation-karmique-connexion-a-lame\/","title":{"rendered":"Lib\u00e9ration Transdimensionnelle de d&#8217;\u00c2me"},"content":{"rendered":"\n<p>Ce que je propose ici va au-del\u00e0 d\u2019un &#8220;soin karmique&#8221;. <\/p>\n\n\n\n<p>Il s\u2019agit d\u2019une <strong>Lib\u00e9ration Transdimensionnelle* par la connexion \u00e2 votre \u00e2me<\/strong>, profonde et subtile, qui me permet d\u2019acc\u00e9der aux blessures, traumatismes ou blocages inscrits dans vos fragments d&#8217;\u00e2me (commun\u00e9ment appel\u00e9 depuis longtemps &#8220;vies ant\u00e9rieures&#8221;).<\/p>\n\n\n\n<figure class=\"wp-block-image size-large\"><img loading=\"lazy\" decoding=\"async\" width=\"1024\" height=\"611\" src=\"https:\/\/evoluzen.fr\/wp-content\/uploads\/2025\/04\/close-up-1837213_1920-1024x611.jpg\" alt=\"\" class=\"wp-image-647\" srcset=\"https:\/\/evoluzen.fr\/wp-content\/uploads\/2025\/04\/close-up-1837213_1920-1024x611.jpg 1024w, https:\/\/evoluzen.fr\/wp-content\/uploads\/2025\/04\/close-up-1837213_1920-300x179.jpg 300w, https:\/\/evoluzen.fr\/wp-content\/uploads\/2025\/04\/close-up-1837213_1920-768x458.jpg 768w, https:\/\/evoluzen.fr\/wp-content\/uploads\/2025\/04\/close-up-1837213_1920-1536x917.jpg 1536w, https:\/\/evoluzen.fr\/wp-content\/uploads\/2025\/04\/close-up-1837213_1920.jpg 1920w\" sizes=\"auto, (max-width: 1024px) 100vw, 1024px\" \/><\/figure>\n\n\n\n<p>L\u2019objectif n\u2019est pas de vivre ces m\u00e9moires, mais de <strong>les soulager<\/strong>, <strong>les pacifier<\/strong>, pour que vous puissiez avancer librement dans votre vie actuelle.<\/p>\n\n\n\n<p>Cette connexion est n\u00e9e naturellement dans ma pratique, guid\u00e9e par ce que l\u2019\u00e2me de chacun souhaitait r\u00e9v\u00e9ler.<\/p>\n\n\n\n<h4 class=\"wp-block-heading\">Comment \u00e7a se passe ?<\/h4>\n\n\n\n<p>Lors de la s\u00e9ance, je prends connaissance de votre situation afin de pouvoir valider votre demande.<\/p>\n\n\n\n<p>Vous rester tranquillement allong\u00e9 dans un lieu au calme. La connexion s\u2019effectue \u00e0 distance, dans un cadre doux et s\u00e9curis\u00e9. <\/p>\n\n\n\n<p>Je me connecte \u00e0 votre \u00e9nergie et accueille les informations qui se pr\u00e9sentent.<\/p>\n\n\n\n<p>Votre \u00e2me me transmettra ses m\u00e9moires sous forme d\u2019images, d\u2019\u00e9motions, de ressentis, ou directement par la rencontre de vos incarnations multiples.<\/p>\n\n\n\n<p>\u00c0 la fin de la s\u00e9ance, je vous partage ce que j\u2019ai re\u00e7u et ce qui a \u00e9t\u00e9 lib\u00e9r\u00e9.<\/p>\n\n\n\n<h4 class=\"wp-block-heading\">Pour qui ?<\/h4>\n\n\n\n<p>Pour toute personne qui ressent des blocages inexpliqu\u00e9s, un situation qui se r\u00e9p\u00e8te sans pouvoir s&#8217;en d\u00e9faire, un poids \u00e9motionnel r\u00e9current, ou l\u2019appel de quelque chose de plus grand.<\/p>\n\n\n\n<p>Il n\u2019est pas n\u00e9cessaire de \u201ccroire\u201d aux vies multiples pour b\u00e9n\u00e9ficier de cette prestation.<\/p>\n\n\n\n<h4 class=\"wp-block-heading\">Quels en sont les effets ?<\/h4>\n\n\n\n<p><strong>Les effets d&#8217;une lib\u00e9ration transdimentionnelle de l&#8217;\u00e2me sont quasiment imm\u00e9diats :<\/strong><\/p>\n\n\n\n<ul class=\"wp-block-list\">\n<li>L\u00e9g\u00e8ret\u00e9 dans le corps et l&#8217;esprit<\/li>\n\n\n\n<li>Sensation de mieux respirer<\/li>\n\n\n\n<li>Regain d\u2019\u00e9nergie<\/li>\n\n\n\n<li>Envie d\u2019aller de l\u2019avant<\/li>\n\n\n\n<li>Vous ne regardez plus la situation de la m\u00eame mani\u00e8re<\/li>\n\n\n\n<li>Envie d\u2019oser<\/li>\n\n\n\n<li>Joie retrouv\u00e9e<\/li>\n\n\n\n<li>Conviction de prendre enfin votre vie en main <\/li>\n\n\n\n<li>Int\u00e9gration de nouvelles capacit\u00e9s <\/li>\n<\/ul>\n\n\n\n<p class=\"has-black-color has-very-light-gray-to-cyan-bluish-gray-gradient-background has-text-color has-background has-link-color wp-elements-dbc33eda75492f91ecd45a0afe7a3b95\">Cette connexion est unique, profonde, et ne s\u2019inscrit pas dans une s\u00e9rie de s\u00e9ances de lectures de vies multiples, d&#8217;identification \u00e0 la cha\u00eene des blocages ou de proc\u00e9der de nettoyage individuel \u00e0 suivre pour continuer le travail de lib\u00e9ration.<\/p>\n\n\n\n<p>Elle demande un r\u00e9el engagement de ma part au vu de la r\u00e9sistance \u00e0 g\u00e9rer autant d&#8217;\u00e9nergies et de dimensions, sans compter le temps de r\u00e9cup\u00e9ration qui s&#8217;en suivra.<\/p>\n\n\n\n<p>Je ne propose donc qu\u2019une &#8220;Lib\u00e9ration Transdimentionnelle de l&#8217;\u00c2me&#8221; par jour, dans une pr\u00e9sence totale \u00e0 ce qui est.<\/p>\n\n\n\n<p>Si vous ressentez l\u2019appel, je suis l\u00e0.<\/p>\n\n\n\n<p><em><strong>\u00c0 distance \u2013 Dur\u00e9e : environ 1h30 \u2013 Tarif : 330 \u20ac<\/strong><\/em> (compte-rendu inclus + illustrations possibles)<\/p>\n\n\n\n<p class=\"has-small-font-size\">*<em>Relatif \u00e0 la connexion ou l&#8217;interaction entre plusieurs dimensions ou univers. <\/em><\/p>\n\n\n\n<p><\/p>\n","protected":false},"excerpt":{"rendered":"<p>Ce que je propose ici va au-del\u00e0 d\u2019un &#8220;soin karmique&#8221;. Il s\u2019agit d\u2019une Lib\u00e9ration Transdimensionnelle* par la connexion \u00e2 votre \u00e2me, profonde et subtile, qui me permet d\u2019acc\u00e9der aux blessures, &hellip; <\/p>\n","protected":false},"author":1,"featured_media":0,"parent":0,"menu_order":0,"comment_status":"closed","ping_status":"closed","template":"","meta":{"footnotes":""},"class_list":["post-637","page","type-page","status-publish","hentry","has-meta has-sticky-meta"],"_links":{"self":[{"href":"https:\/\/evoluzen.fr\/index.php\/wp-json\/wp\/v2\/pages\/637","targetHints":{"allow":["GET"]}}],"collection":[{"href":"https:\/\/evoluzen.fr\/index.php\/wp-json\/wp\/v2\/pages"}],"about":[{"href":"https:\/\/evoluzen.fr\/index.php\/wp-json\/wp\/v2\/types\/page"}],"author":[{"embeddable":true,"href":"https:\/\/evoluzen.fr\/index.php\/wp-json\/wp\/v2\/users\/1"}],"replies":[{"embeddable":true,"href":"https:\/\/evoluzen.fr\/index.php\/wp-json\/wp\/v2\/comments?post=637"}],"version-history":[{"count":15,"href":"https:\/\/evoluzen.fr\/index.php\/wp-json\/wp\/v2\/pages\/637\/revisions"}],"predecessor-version":[{"id":670,"href":"https:\/\/evoluzen.fr\/index.php\/wp-json\/wp\/v2\/pages\/637\/revisions\/670"}],"wp:attachment":[{"href":"https:\/\/evoluzen.fr\/index.php\/wp-json\/wp\/v2\/media?parent=637"}],"curies":[{"name":"wp","href":"https:\/\/api.w.org\/{rel}","templated":true}]}}