{"id":559,"date":"2025-01-19T11:34:49","date_gmt":"2025-01-19T10:34:49","guid":{"rendered":"https:\/\/evoluzen.fr\/?page_id=559"},"modified":"2025-01-19T11:42:32","modified_gmt":"2025-01-19T10:42:32","slug":"massages-vibratoires-aux-bols-tibetains","status":"publish","type":"page","link":"https:\/\/evoluzen.fr\/index.php\/massages-vibratoires-aux-bols-tibetains\/","title":{"rendered":"Massages Vibratoires aux Bols Tib\u00e9tains"},"content":{"rendered":"\n<p>Plongez dans une exp\u00e9rience unique de bien-\u00eatre gr\u00e2ce aux vibrations des bols tib\u00e9tains, une m\u00e9thode ancestrale reconnue pour ses effets harmonisants et apaisants.<\/p>\n\n\n\n<p>Les bienfaits se font sentir sur plusieurs plans :<\/p>\n\n\n\n<h5 class=\"wp-block-heading\">Au niveau physique :<\/h5>\n\n\n\n<ul class=\"wp-block-list\">\n<li>R\u00e9duit les tensions musculaires<\/li>\n\n\n\n<li>D\u00e9tend globalement le corps<\/li>\n\n\n\n<li>Am\u00e9liore la qualit\u00e9 du sommeil<\/li>\n<\/ul>\n\n\n\n<h5 class=\"wp-block-heading\">Au niveau \u00e9motionnel :<\/h5>\n\n\n\n<ul class=\"wp-block-list\">\n<li>\u00c9quilibre les \u00e9motions<\/li>\n\n\n\n<li>Renforce la joie de vivre<\/li>\n\n\n\n<li>Meilleure tol\u00e9rance envers soi-m\u00eame et les autres<\/li>\n<\/ul>\n\n\n\n<h5 class=\"wp-block-heading\">Au niveau mental :<\/h5>\n\n\n\n<ul class=\"wp-block-list\">\n<li>D\u00e9veloppe de la concentration et la m\u00e9moire (id\u00e9al en p\u00e9riode d\u2019examen)<\/li>\n\n\n\n<li>Apaise le syst\u00e8me nerveux et encourage le l\u00e2cher-prise<\/li>\n<\/ul>\n\n\n\n<p><strong>Les bols tib\u00e9tains sont particuli\u00e8rement adapt\u00e9s pour accompagner une gestion du stress \u00e0 tous les niveaux.<\/strong><\/p>\n\n\n\n<h4 class=\"wp-block-heading\">Comment \u00e7a se passe ?<\/h4>\n\n\n\n<div class=\"wp-block-media-text is-stacked-on-mobile\"><figure class=\"wp-block-media-text__media\"><img loading=\"lazy\" decoding=\"async\" width=\"612\" height=\"408\" src=\"http:\/\/evoluzen.fr\/wp-content\/uploads\/2025\/01\/1737280973821_110300.jpg\" alt=\"\" class=\"wp-image-562 size-full\" srcset=\"https:\/\/evoluzen.fr\/wp-content\/uploads\/2025\/01\/1737280973821_110300.jpg 612w, https:\/\/evoluzen.fr\/wp-content\/uploads\/2025\/01\/1737280973821_110300-300x200.jpg 300w\" sizes=\"auto, (max-width: 612px) 100vw, 612px\" \/><\/figure><div class=\"wp-block-media-text__content\">\n<p>Gr\u00e2ce \u00e0 ma connexion \u00e9nerg\u00e9tique et vibratoire, vous recevez les bienfaits directement, o\u00f9 que vous soyez. Installez-vous confortablement et laissez-vous porter par cette pratique douce et revitalisante.<\/p>\n<\/div><\/div>\n\n\n\n<figure class=\"wp-block-table\"><table class=\"has-fixed-layout\"><tbody><tr><td><strong>Dur\u00e9e<\/strong><\/td><td><strong>Tarif<\/strong><\/td><\/tr><tr><td>30 minutes <\/td><td>25 euros <\/td><\/tr><tr><td>1 heure<\/td><td>50 euros<\/td><\/tr><tr><td>1 heure et 30 minutes <\/td><td>75 euros<\/td><\/tr><\/tbody><\/table><\/figure>\n\n\n\n<p><strong><em>Offrez-vous ce moment en r\u00e9servant d\u00e8s maintenant pour profiter des bienfaits des bols tib\u00e9tains.<\/em><\/strong><\/p>\n\n\n\n<p><\/p>\n","protected":false},"excerpt":{"rendered":"<p>Plongez dans une exp\u00e9rience unique de bien-\u00eatre gr\u00e2ce aux vibrations des bols tib\u00e9tains, une m\u00e9thode ancestrale reconnue pour ses effets harmonisants et apaisants. Les bienfaits se font sentir sur plusieurs &hellip; <\/p>\n","protected":false},"author":1,"featured_media":0,"parent":0,"menu_order":0,"comment_status":"closed","ping_status":"closed","template":"","meta":{"footnotes":""},"class_list":["post-559","page","type-page","status-publish","hentry","has-meta has-sticky-meta"],"_links":{"self":[{"href":"https:\/\/evoluzen.fr\/index.php\/wp-json\/wp\/v2\/pages\/559","targetHints":{"allow":["GET"]}}],"collection":[{"href":"https:\/\/evoluzen.fr\/index.php\/wp-json\/wp\/v2\/pages"}],"about":[{"href":"https:\/\/evoluzen.fr\/index.php\/wp-json\/wp\/v2\/types\/page"}],"author":[{"embeddable":true,"href":"https:\/\/evoluzen.fr\/index.php\/wp-json\/wp\/v2\/users\/1"}],"replies":[{"embeddable":true,"href":"https:\/\/evoluzen.fr\/index.php\/wp-json\/wp\/v2\/comments?post=559"}],"version-history":[{"count":10,"href":"https:\/\/evoluzen.fr\/index.php\/wp-json\/wp\/v2\/pages\/559\/revisions"}],"predecessor-version":[{"id":574,"href":"https:\/\/evoluzen.fr\/index.php\/wp-json\/wp\/v2\/pages\/559\/revisions\/574"}],"wp:attachment":[{"href":"https:\/\/evoluzen.fr\/index.php\/wp-json\/wp\/v2\/media?parent=559"}],"curies":[{"name":"wp","href":"https:\/\/api.w.org\/{rel}","templated":true}]}}