{"id":530,"date":"2025-01-02T11:19:04","date_gmt":"2025-01-02T10:19:04","guid":{"rendered":"https:\/\/evoluzen.fr\/?page_id=530"},"modified":"2025-01-09T14:29:50","modified_gmt":"2025-01-09T13:29:50","slug":"hypnose-spirituelle-exploration-des-vies-anterieures","status":"publish","type":"page","link":"https:\/\/evoluzen.fr\/","title":{"rendered":"Hypnose spirituelle : Exploration des Vies Ant\u00e9rieures"},"content":{"rendered":"\n<figure class=\"wp-block-image size-large\"><img loading=\"lazy\" decoding=\"async\" width=\"1024\" height=\"579\" src=\"https:\/\/evoluzen.fr\/wp-content\/uploads\/2024\/12\/1735309900422_033148-1024x579.jpg\" alt=\"\" class=\"wp-image-488\" srcset=\"https:\/\/evoluzen.fr\/wp-content\/uploads\/2024\/12\/1735309900422_033148-1024x579.jpg 1024w, https:\/\/evoluzen.fr\/wp-content\/uploads\/2024\/12\/1735309900422_033148-300x170.jpg 300w, https:\/\/evoluzen.fr\/wp-content\/uploads\/2024\/12\/1735309900422_033148-768x434.jpg 768w, https:\/\/evoluzen.fr\/wp-content\/uploads\/2024\/12\/1735309900422_033148.jpg 1472w\" sizes=\"auto, (max-width: 1024px) 100vw, 1024px\" \/><\/figure>\n\n\n\n<h6 class=\"wp-block-heading\"><strong>Description : <\/strong><\/h6>\n\n\n\n<p>L\u2019hypnose spirituelle vous offre une opportunit\u00e9 unique d\u2019explorer vos vies ant\u00e9rieures pour mieux comprendre vos blocages actuels. Cette pratique profonde permet de remonter \u00e0 la source de certains sch\u00e9mas ou ressentis qui influencent votre vie aujourd\u2019hui.<\/p>\n\n\n\n<h6 class=\"wp-block-heading\"><strong>Pourquoi choisir cette approche ?<\/strong><\/h6>\n\n\n\n<p>Lors de chaque s\u00e9ance d&#8217;hypnose r\u00e9gressive, ma m\u00e9diumnit\u00e9 me permet d&#8217;acc\u00e9der directement aux souvenirs de vos vies ant\u00e9rieures et d&#8217;en valider l&#8217;authenticit\u00e9. Cette capacit\u00e9 me permet non seulement de guider vos exp\u00e9riences profondes pendant l&#8217;hypnose, mais aussi de confirmer les informations re\u00e7ues, garantissant ainsi que chaque r\u00e9v\u00e9lation soit v\u00e9ritable et pertinente pour votre parcours personnel. Gr\u00e2ce \u00e0 cette approche unique, vous b\u00e9n\u00e9ficiez d&#8217;une exploration plus riche et plus pr\u00e9cise de votre histoire karmique, vous permettant de lib\u00e9rer des blocages et de mieux comprendre votre \u00e9volution spirituelle.<\/p>\n\n\n\n<p>Les souvenirs issus de vos vies ant\u00e9rieures peuvent r\u00e9v\u00e9ler des causes profondes \u00e0 vos difficult\u00e9s \u00e9motionnelles ou comportementales.<\/p>\n\n\n\n<p>Apr\u00e8s la s\u00e9ance, des \u00e9l\u00e9ments peuvent se r\u00e9v\u00e9ler sur plusieurs jours ou semaines, permettant une int\u00e9gration naturelle et durable.<\/p>\n\n\n\n<p>En comprenant ces origines, vous \u00eates en mesure de d\u00e9passer certaines limitations et de retrouver un nouvel alignement.<\/p>\n\n\n\n<h6 class=\"wp-block-heading\"><strong>Comment se d\u00e9roule la s\u00e9ance ?<\/strong><\/h6>\n\n\n\n<p>La s\u00e9ance se d\u00e9roule \u00e0 distance, avec une efficacit\u00e9 \u00e9quivalente \u00e0 celle des s\u00e9ances en pr\u00e9sentiel (ce qui repr\u00e9sente la majorit\u00e9 des consultations actuelles). Le r\u00e8glement s&#8217;effectue en amont, ce qui permet de confirmer notre rendez-vous et d&#8217;aborder le jour J sereinement.<\/p>\n\n\n\n<p>Dur\u00e9e totale : 1h30\/2h en visioconf\u00e9rence dans un cadre calme et s\u00e9curis\u00e9.<\/p>\n\n\n\n<ol class=\"wp-block-list\">\n<li>Temps d\u2019introduction : un \u00e9change pr\u00e9liminaire pour vous conna\u00eetre, cerner vos attentes et instaurer un climat de confiance.<\/li>\n\n\n\n<li>S\u00e9ance d\u2019hypnose : exploration de 2 vies ant\u00e9rieures, guid\u00e9e en douceur pour vous connecter \u00e0 des souvenirs enfouis et significatifs.<\/li>\n\n\n\n<li>Echange post-s\u00e9ance : discussion pour analyser ce qui a \u00e9t\u00e9 explor\u00e9, r\u00e9pondre \u00e0 vos interrogations et amorcer une compr\u00e9hension des messages re\u00e7us.<\/li>\n<\/ol>\n\n\n\n<h6 class=\"wp-block-heading\"><strong>Informations pratiques :<\/strong><\/h6>\n\n\n\n<p>Modalit\u00e9 : Visioconf\u00e9rence dans un environnement calme.<\/p>\n\n\n\n<p>Dur\u00e9e : 1h30\/2h<\/p>\n\n\n\n<p>Tarif : 150 euros.<\/p>\n\n\n\n<p><strong><em>Offrez-vous un voyage introspectif et transformateur pour d\u00e9couvrir vos vies pass\u00e9es et leurs impacts sur votre pr\u00e9sent.<\/em><\/strong><\/p>\n\n\n\n<p><strong><em>Contactez-moi pour r\u00e9server votre s\u00e9ance ou pour toute question suppl\u00e9mentaire.<\/em><\/strong><\/p>\n\n\n\n<p><\/p>\n","protected":false},"excerpt":{"rendered":"<p>Description : L\u2019hypnose spirituelle vous offre une opportunit\u00e9 unique d\u2019explorer vos vies ant\u00e9rieures pour mieux comprendre vos blocages actuels. Cette pratique profonde permet de remonter \u00e0 la source de certains &hellip; <\/p>\n","protected":false},"author":1,"featured_media":0,"parent":0,"menu_order":0,"comment_status":"closed","ping_status":"closed","template":"","meta":{"footnotes":""},"class_list":["post-530","page","type-page","status-publish","hentry","has-meta has-sticky-meta"],"_links":{"self":[{"href":"https:\/\/evoluzen.fr\/index.php\/wp-json\/wp\/v2\/pages\/530","targetHints":{"allow":["GET"]}}],"collection":[{"href":"https:\/\/evoluzen.fr\/index.php\/wp-json\/wp\/v2\/pages"}],"about":[{"href":"https:\/\/evoluzen.fr\/index.php\/wp-json\/wp\/v2\/types\/page"}],"author":[{"embeddable":true,"href":"https:\/\/evoluzen.fr\/index.php\/wp-json\/wp\/v2\/users\/1"}],"replies":[{"embeddable":true,"href":"https:\/\/evoluzen.fr\/index.php\/wp-json\/wp\/v2\/comments?post=530"}],"version-history":[{"count":5,"href":"https:\/\/evoluzen.fr\/index.php\/wp-json\/wp\/v2\/pages\/530\/revisions"}],"predecessor-version":[{"id":546,"href":"https:\/\/evoluzen.fr\/index.php\/wp-json\/wp\/v2\/pages\/530\/revisions\/546"}],"wp:attachment":[{"href":"https:\/\/evoluzen.fr\/index.php\/wp-json\/wp\/v2\/media?parent=530"}],"curies":[{"name":"wp","href":"https:\/\/api.w.org\/{rel}","templated":true}]}}