{"id":238,"date":"2024-12-11T15:25:51","date_gmt":"2024-12-11T14:25:51","guid":{"rendered":"https:\/\/evoluzen.fr\/?page_id=238"},"modified":"2025-09-30T15:20:06","modified_gmt":"2025-09-30T13:20:06","slug":"initiations-aux-energies","status":"publish","type":"page","link":"https:\/\/evoluzen.fr\/index.php\/initiations-aux-energies\/","title":{"rendered":"Initiation aux \u00e9nergies"},"content":{"rendered":"\n<h4 class=\"wp-block-heading\">Une approche libre et unique <\/h4>\n\n\n\n<p>Ouvrez-vous aux multiples dimensions de l\u2019\u00e9nergie dans un cadre lib\u00e9r\u00e9 des protocoles habituels. Ici, pas de m\u00e9thode pr\u00e9con\u00e7ue, ni d\u2019appartenance \u00e0 une \u00e9cole sp\u00e9cifique comme le Reiki, le LaHoChi ou le Gu\u00e9risseur Divin et tant d&#8217;autres. Mon approche se veut universelle et intuitive, adapt\u00e9e \u00e0 chaque individu.<\/p>\n\n\n\n<h4 class=\"wp-block-heading\">Pourquoi faire cette initiation ?<\/h4>\n\n\n\n<ol class=\"wp-block-list\">\n<li><strong>Se reconnecter \u00e0 soi-m\u00eame<\/strong> : cette initiation vous permet de revenir \u00e0 votre propre essence. En explorant les \u00e9nergies, vous apprenez \u00e0 mieux comprendre vos ressentis, \u00e0 \u00e9couter votre intuition et \u00e0 vous aligner avec votre v\u00e9rit\u00e9 int\u00e9rieure.<\/li>\n\n\n\n<li><strong>D\u00e9couvrir une approche libre et personnalis\u00e9e<\/strong> : contrairement aux protocoles standardis\u00e9s, cette initiation s\u2019adapte \u00e0 vous. Elle vous invite \u00e0 explorer sans contrainte ni cadre rigide, en respectant votre rythme et vos besoins uniques.<\/li>\n\n\n\n<li><strong>D\u00e9velopper sa sensibilit\u00e9 \u00e9nerg\u00e9tique<\/strong> : que vous soyez d\u00e9butant ou d\u00e9j\u00e0 familier avec les \u00e9nergies, cette initiation vous aide \u00e0 affiner votre perception des flux \u00e9nerg\u00e9tiques qui nous entourent et \u00e0 mieux interagir avec eux.<\/li>\n\n\n\n<li><strong>Se connecter \u00e0 des \u00e9nergies bienveillantes<\/strong> : qu\u2019il s\u2019agisse des \u00e9nergies cosmiques, telluriques, ang\u00e9liques ou universelles, cette initiation vous ouvre \u00e0 des vibrations hautement positives, apportant soutien, clart\u00e9, et apaisement.<\/li>\n\n\n\n<li><strong>Trouver ancrage et \u00e9quilibre<\/strong> : apprendre \u00e0 canaliser et harmoniser les \u00e9nergies vous permet de renforcer votre ancrage, d\u2019\u00e9quilibrer vos \u00e9motions, et d\u2019accueillir la vie avec plus de s\u00e9r\u00e9nit\u00e9 et de confiance.<\/li>\n\n\n\n<li><strong>\u00c9veiller son potentiel int\u00e9rieur<\/strong> : cette initiation agit comme un d\u00e9clencheur. Elle vous permet d\u2019\u00e9veiller vos capacit\u00e9s \u00e9nerg\u00e9tiques naturelles, souvent endormies, et de devenir plus autonome dans votre cheminement spirituel.<\/li>\n\n\n\n<li><strong>S\u2019ouvrir \u00e0 l\u2019infini des possibles<\/strong> : cette exp\u00e9rience vous offre un acc\u00e8s \u00e0 une diversit\u00e9 d\u2019\u00e9nergies, en vous connectant au grand tout, \u00e0 ce qui est au-del\u00e0 des limites humaines et mat\u00e9rielles.<\/li>\n<\/ol>\n\n\n\n<p>Je vous accompagne \u00e0 explorer et vous connecter \u00e0 toutes les \u00e9nergies bienveillantes et disponibles :<\/p>\n\n\n\n<ul class=\"wp-block-list\">\n<li><strong>Cosmiques<\/strong>, pour \u00e9lever votre conscience<\/li>\n\n\n\n<li><strong>Telluriques<\/strong>, pour vous ancrer profond\u00e9ment dans la puissance de la Terre<\/li>\n\n\n\n<li><strong>Ang\u00e9liques<\/strong>, pour vous relier aux vibrations des \u00eatres de lumi\u00e8re<\/li>\n\n\n\n<li><strong>Universelles<\/strong>, pour embrasser l\u2019unit\u00e9 et l\u2019infini potentiel \u00e9nerg\u00e9tique<\/li>\n<\/ul>\n\n\n\n<div class=\"wp-block-media-text is-stacked-on-mobile\" style=\"grid-template-columns:18% auto\"><figure class=\"wp-block-media-text__media\"><img loading=\"lazy\" decoding=\"async\" width=\"545\" height=\"1024\" src=\"http:\/\/evoluzen.fr\/wp-content\/uploads\/2024\/12\/1733937174281_061300-545x1024.jpg\" alt=\"\" class=\"wp-image-278 size-full\" srcset=\"https:\/\/evoluzen.fr\/wp-content\/uploads\/2024\/12\/1733937174281_061300-545x1024.jpg 545w, https:\/\/evoluzen.fr\/wp-content\/uploads\/2024\/12\/1733937174281_061300-160x300.jpg 160w, https:\/\/evoluzen.fr\/wp-content\/uploads\/2024\/12\/1733937174281_061300-768x1443.jpg 768w, https:\/\/evoluzen.fr\/wp-content\/uploads\/2024\/12\/1733937174281_061300-817x1536.jpg 817w, https:\/\/evoluzen.fr\/wp-content\/uploads\/2024\/12\/1733937174281_061300-1090x2048.jpg 1090w, https:\/\/evoluzen.fr\/wp-content\/uploads\/2024\/12\/1733937174281_061300-scaled.jpg 1362w\" sizes=\"auto, (max-width: 545px) 100vw, 545px\" \/><\/figure><div class=\"wp-block-media-text__content\">\n<p>Cet accompagnement est une invitation \u00e0 ressentir, exp\u00e9rimenter, et int\u00e9grer les \u00e9nergies qui vous correspondent le mieux, sans contrainte ni dogme. Il s\u2019agit d\u2019une rencontre avec votre propre essence \u00e9nerg\u00e9tique, guid\u00e9e par une intention de bienveillance et d\u2019ouverture.<\/p>\n<\/div><\/div>\n\n\n\n<p>Cette initiation est bien plus qu\u2019un apprentissage : c\u2019est une porte vers vous-m\u00eame et vers une connexion profonde avec l\u2019univers qui vous entoure.<\/p>\n\n\n\n<p><em><strong>Si vous ressentez l\u2019appel de cette initiation libre et universelle, je serai ravie de vous guider dans cette belle d\u00e9couverte.<\/strong><\/em><\/p>\n\n\n\n<p><strong>Prix : 120 euros<\/strong> <strong>pour 2 heures d&#8217;initiation<\/strong> <strong>en individuel.<\/strong><\/p>\n\n\n\n<p><strong>Ce tarif comprend :<\/strong><\/p>\n\n\n\n<ul class=\"wp-block-list\">\n<li>L&#8217;ouverture et la connexion aux \u00e9nergies bienveillantes (cosmiques, telluriques, ang\u00e9liques, universelles)<\/li>\n\n\n\n<li>La transmission \u00e9nerg\u00e9tique adapt\u00e9e \u00e0 votre sensibilit\u00e9<\/li>\n\n\n\n<li>Des conseils pratiques pour :\n<ul class=\"wp-block-list\">\n<li>Canaliser les \u00e9nergies<\/li>\n\n\n\n<li>Appr\u00e9hender les diff\u00e9rentes vibrations \u00e9nerg\u00e9tiques<\/li>\n\n\n\n<li>R\u00e9aliser des auto-soins<\/li>\n\n\n\n<li>Offrir des soins \u00e0 autrui et \u00e0 d&#8217;autres \u00eatres vivants<\/li>\n\n\n\n<li>Vous prot\u00e9ger des \u00e9nergies n\u00e9gatives<\/li>\n<\/ul>\n<\/li>\n\n\n\n<li>Ma disponibilit\u00e9 dans le temps pour r\u00e9pondre \u00e0 vos questions<\/li>\n<\/ul>\n\n\n\n<p><\/p>\n","protected":false},"excerpt":{"rendered":"<p>Une approche libre et unique Ouvrez-vous aux multiples dimensions de l\u2019\u00e9nergie dans un cadre lib\u00e9r\u00e9 des protocoles habituels. Ici, pas de m\u00e9thode pr\u00e9con\u00e7ue, ni d\u2019appartenance \u00e0 une \u00e9cole sp\u00e9cifique comme &hellip; <\/p>\n","protected":false},"author":1,"featured_media":0,"parent":0,"menu_order":0,"comment_status":"closed","ping_status":"closed","template":"","meta":{"footnotes":""},"class_list":["post-238","page","type-page","status-publish","hentry","has-meta has-sticky-meta"],"_links":{"self":[{"href":"https:\/\/evoluzen.fr\/index.php\/wp-json\/wp\/v2\/pages\/238","targetHints":{"allow":["GET"]}}],"collection":[{"href":"https:\/\/evoluzen.fr\/index.php\/wp-json\/wp\/v2\/pages"}],"about":[{"href":"https:\/\/evoluzen.fr\/index.php\/wp-json\/wp\/v2\/types\/page"}],"author":[{"embeddable":true,"href":"https:\/\/evoluzen.fr\/index.php\/wp-json\/wp\/v2\/users\/1"}],"replies":[{"embeddable":true,"href":"https:\/\/evoluzen.fr\/index.php\/wp-json\/wp\/v2\/comments?post=238"}],"version-history":[{"count":18,"href":"https:\/\/evoluzen.fr\/index.php\/wp-json\/wp\/v2\/pages\/238\/revisions"}],"predecessor-version":[{"id":746,"href":"https:\/\/evoluzen.fr\/index.php\/wp-json\/wp\/v2\/pages\/238\/revisions\/746"}],"wp:attachment":[{"href":"https:\/\/evoluzen.fr\/index.php\/wp-json\/wp\/v2\/media?parent=238"}],"curies":[{"name":"wp","href":"https:\/\/api.w.org\/{rel}","templated":true}]}}