{"id":134,"date":"2024-12-10T14:14:13","date_gmt":"2024-12-10T13:14:13","guid":{"rendered":"https:\/\/evoluzen.fr\/?page_id=134"},"modified":"2026-02-19T13:51:16","modified_gmt":"2026-02-19T12:51:16","slug":"seance-de-guidance","status":"publish","type":"page","link":"https:\/\/evoluzen.fr\/index.php\/seance-de-guidance\/","title":{"rendered":"Guidance"},"content":{"rendered":"\n<p>Une guidance est un accompagnement spirituel ou intuitif qui vise \u00e0 apporter des \u00e9claircissements ou des r\u00e9ponses aux questions d\u2019une personne concernant sa vie, ses choix, ou ses d\u00e9fis. Elle s\u2019appuie sur des ressentis, des intuitions, ou des outils sp\u00e9cifiques pour guider la personne dans sa qu\u00eate de compr\u00e9hension et d&#8217;\u00e9volution personnelle.<\/p>\n\n\n\n<p><em><strong>Les caract\u00e9ristiques d&#8217;une guidance avec moi :<\/strong><\/em><\/p>\n\n\n\n<p>La guidance implique souvent une connexion avec votre \u00e9nergie, votre inconscient, ou des plans subtils. Cela peut inclure la r\u00e9ception de messages intuitifs ou spirituels.<\/p>\n\n\n\n<p>Pour ma part je re\u00e7ois des informations de guides spirituels, de l\u2019\u00e2me de la personne, ou d\u2019autres plans \u00e9nerg\u00e9tiques.<\/p>\n\n\n\n<p>J&#8217;utilise des supports pour enrichir ma guidance, comme les cartes oracles, le tarot, les pendules. Ces outils servent de pont pour capter des messages clairs et symboliques.<\/p>\n\n\n\n<p>L\u2019objectif est d\u2019apporter des pistes, des compr\u00e9hensions, ou des \u00e9claircissements pour vous aider \u00e0 surmonter vos blocages, \u00e0 mieux comprendre une situation, ou \u00e0 faire des choix align\u00e9s avec vous-m\u00eame. <\/p>\n\n\n\n<p><em>En r\u00e9sum\u00e9, cette guidance est une forme d&#8217;accompagnement ponctuel qui permet de recevoir des \u00e9clairages et des messages subtils pour mieux se comprendre, avancer sur une th\u00e9matique pr\u00e9cise.<\/em><\/p>\n\n\n\n<div class=\"wp-block-media-text is-stacked-on-mobile\"><figure class=\"wp-block-media-text__media\"><img loading=\"lazy\" decoding=\"async\" width=\"1024\" height=\"1024\" src=\"http:\/\/evoluzen.fr\/wp-content\/uploads\/2024\/12\/file-MjfY5cTuNod7nsvzFp2rhd.webp\" alt=\"\" class=\"wp-image-444 size-full\" srcset=\"https:\/\/evoluzen.fr\/wp-content\/uploads\/2024\/12\/file-MjfY5cTuNod7nsvzFp2rhd.webp 1024w, https:\/\/evoluzen.fr\/wp-content\/uploads\/2024\/12\/file-MjfY5cTuNod7nsvzFp2rhd-300x300.webp 300w, https:\/\/evoluzen.fr\/wp-content\/uploads\/2024\/12\/file-MjfY5cTuNod7nsvzFp2rhd-150x150.webp 150w, https:\/\/evoluzen.fr\/wp-content\/uploads\/2024\/12\/file-MjfY5cTuNod7nsvzFp2rhd-768x768.webp 768w\" sizes=\"auto, (max-width: 1024px) 100vw, 1024px\" \/><\/figure><div class=\"wp-block-media-text__content\">\n<p class=\"has-luminous-vivid-orange-color has-text-color has-link-color wp-elements-b4f7524c54a621831936575d5e043da7\"><strong><em>Consultation d&#8217;une dur\u00e9e de 45 minutes par t\u00e9l\u00e9phone ou par visio.<\/em><\/strong><\/p>\n\n\n\n<p class=\"has-luminous-vivid-orange-color has-text-color has-link-color wp-elements-d73b061af6b2e70089c87dddd970d391\"><strong><em>Prix : 45 euros.<\/em><\/strong><\/p>\n<\/div><\/div>\n","protected":false},"excerpt":{"rendered":"<p>Une guidance est un accompagnement spirituel ou intuitif qui vise \u00e0 apporter des \u00e9claircissements ou des r\u00e9ponses aux questions d\u2019une personne concernant sa vie, ses choix, ou ses d\u00e9fis. Elle &hellip; <\/p>\n","protected":false},"author":1,"featured_media":0,"parent":0,"menu_order":0,"comment_status":"closed","ping_status":"closed","template":"","meta":{"footnotes":""},"class_list":["post-134","page","type-page","status-publish","hentry","has-meta has-sticky-meta"],"_links":{"self":[{"href":"https:\/\/evoluzen.fr\/index.php\/wp-json\/wp\/v2\/pages\/134","targetHints":{"allow":["GET"]}}],"collection":[{"href":"https:\/\/evoluzen.fr\/index.php\/wp-json\/wp\/v2\/pages"}],"about":[{"href":"https:\/\/evoluzen.fr\/index.php\/wp-json\/wp\/v2\/types\/page"}],"author":[{"embeddable":true,"href":"https:\/\/evoluzen.fr\/index.php\/wp-json\/wp\/v2\/users\/1"}],"replies":[{"embeddable":true,"href":"https:\/\/evoluzen.fr\/index.php\/wp-json\/wp\/v2\/comments?post=134"}],"version-history":[{"count":14,"href":"https:\/\/evoluzen.fr\/index.php\/wp-json\/wp\/v2\/pages\/134\/revisions"}],"predecessor-version":[{"id":835,"href":"https:\/\/evoluzen.fr\/index.php\/wp-json\/wp\/v2\/pages\/134\/revisions\/835"}],"wp:attachment":[{"href":"https:\/\/evoluzen.fr\/index.php\/wp-json\/wp\/v2\/media?parent=134"}],"curies":[{"name":"wp","href":"https:\/\/api.w.org\/{rel}","templated":true}]}}