{"id":128,"date":"2024-12-10T14:18:26","date_gmt":"2024-12-10T13:18:26","guid":{"rendered":"https:\/\/evoluzen.fr\/?page_id=128"},"modified":"2026-02-17T09:25:40","modified_gmt":"2026-02-17T08:25:40","slug":"soin-energetique-mediumnique-la-synergie","status":"publish","type":"page","link":"https:\/\/evoluzen.fr\/index.php\/soin-energetique-mediumnique-la-synergie\/","title":{"rendered":"Soins \u00e9nerg\u00e9tiques"},"content":{"rendered":"\n<p>Mes soins peuvent \u00e0 la fois travailler sur le r\u00e9\u00e9quilibrage des \u00e9nergies et transmettre des messages intuitifs ou spirituels re\u00e7us durant la s\u00e9ance. Ce type de soin offre un accompagnement global qui agit sur : le plan physique (par la d\u00e9tente ou la lib\u00e9ration de tensions), le plan \u00e9motionnel (apaisement des peurs ou des blessures), et le plan spirituel (r\u00e9confort, guidance, compr\u00e9hension de son chemin de vie).<\/p>\n\n\n\n<p>En tant qu&#8217;\u00e9nerg\u00e9ticienne, je travaille en distanciel sur les flux \u00e9nerg\u00e9tiques du corps pour harmoniser et lib\u00e9rer les \u00e9nergies stagnantes (entit\u00e9s, parasites \u00e9nerg\u00e9tiques). J&#8217;utilise des \u00e9nergies vari\u00e9es (telluriques, cosmiques, archang\u00e8liques), la radiesth\u00e9sie ou des m\u00e9thodes sp\u00e9cifiques de soin \u00e9nerg\u00e9tique toujours accompagn\u00e9es de pierres min\u00e9rales, pour soulager le stress apaiser les douleurs, et favoriser la gu\u00e9rison holistique du corps et de l&#8217;esprit.<\/p>\n\n\n\n<p>Il est particuli\u00e8rement utile d&#8217;y recourir lors de p\u00e9riodes de transition ou de stress intense pour maintenir un bon \u00e9quilibre int\u00e9rieur. Par exemple : avant une intervention chirurgicale, un examen, un concours, une comp\u00e9tition ou apr\u00e8s une rupture, un accident, un burn-out, une chimioth\u00e9rapie&#8230;et davantage.<\/p>\n\n\n\n<p><em>R\u00e9sultats : apaisement des pens\u00e9es ruminantes, \u00e9tat serein, renforcement de la confiance en soi et de l&#8217;\u00e9tat de sant\u00e9 physique, regain d&#8217;\u00e9nergie.<\/em><\/p>\n\n\n\n<div class=\"wp-block-media-text is-stacked-on-mobile\"><figure class=\"wp-block-media-text__media\"><img loading=\"lazy\" decoding=\"async\" width=\"1024\" height=\"683\" src=\"http:\/\/evoluzen.fr\/wp-content\/uploads\/2024\/10\/shutterstock_592158416-1024x683.jpg\" alt=\"\" class=\"wp-image-96 size-full\" srcset=\"https:\/\/evoluzen.fr\/wp-content\/uploads\/2024\/10\/shutterstock_592158416-1024x683.jpg 1024w, https:\/\/evoluzen.fr\/wp-content\/uploads\/2024\/10\/shutterstock_592158416-300x200.jpg 300w, https:\/\/evoluzen.fr\/wp-content\/uploads\/2024\/10\/shutterstock_592158416-768x512.jpg 768w, https:\/\/evoluzen.fr\/wp-content\/uploads\/2024\/10\/shutterstock_592158416-1536x1024.jpg 1536w, https:\/\/evoluzen.fr\/wp-content\/uploads\/2024\/10\/shutterstock_592158416-2048x1365.jpg 2048w, https:\/\/evoluzen.fr\/wp-content\/uploads\/2024\/10\/shutterstock_592158416-450x300.jpg 450w\" sizes=\"auto, (max-width: 1024px) 100vw, 1024px\" \/><\/figure><div class=\"wp-block-media-text__content\">\n<ul class=\"wp-block-list\">\n<li class=\"has-black-color has-text-color has-link-color wp-elements-ff08b781284efba3871c53a565722eeb\"><strong><em>En direct par t\u00e9l\u00e9phone pour une dur\u00e9e de 45 mins : 50 euros.<\/em><\/strong><\/li>\n<\/ul>\n\n\n\n<ul class=\"wp-block-list\">\n<li class=\"has-black-color has-text-color has-link-color wp-elements-2bf13dc2ce77e70501a3b60c386f654d\"><strong><em>Auto-activ\u00e9 : le soin s&#8217;activera de lui-m\u00eame au meilleur moment pour vous (repos, sieste, sommeil) : 35 euros.<\/em><\/strong><\/li>\n<\/ul>\n<\/div><\/div>\n\n\n\n<p class=\"has-white-color has-text-color has-background has-link-color wp-elements-5d6a6ef1648e0c2a2abab6ada27e7590\" style=\"background-color:#f2a874;font-size:17px\"><strong>Particularit\u00e9 \u00e0 prendre en consid\u00e9ration : <\/strong>A travers les soins, j&#8217;active et ouvre les chakras des mains, \u00e9veillant les capacit\u00e9s de gu\u00e9rison naturelles chez certaines personnes particuli\u00e8rement r\u00e9ceptives. Celles-ci peuvent ressentir imm\u00e9diatement, ou dans les jours qui suivent, des picotements et une chaleur diffuse dans les avant-bras et les mains, t\u00e9moignant de cette activation.<\/p>\n\n\n\n<p class=\"has-small-font-size\"><strong><em>IMPORTANT<\/em><\/strong> :<\/p>\n\n\n\n<p class=\"has-small-font-size\"><em>Ces pratiques sont consid\u00e9r\u00e9es comme des approches de bien-\u00eatre et non comme des solutions m\u00e9dicales. Elles reposent souvent sur des traditions ancestrales ou des sensibilit\u00e9s personnelles. Leur efficacit\u00e9 d\u00e9pend de la r\u00e9ceptivit\u00e9 et des attentes de chaque individu.<\/em><\/p>\n\n\n\n<p class=\"has-small-font-size\"><em>En cas de traitement m\u00e9dical, les soins \u00e9nerg\u00e9tiques sont compatibles et sans contre-indications. Ils peuvent \u00eatre utilis\u00e9s en compl\u00e9ment d&#8217;un traitement th\u00e9rapeutique conventionnel en cours.<\/em><\/p>\n","protected":false},"excerpt":{"rendered":"<p>Mes soins peuvent \u00e0 la fois travailler sur le r\u00e9\u00e9quilibrage des \u00e9nergies et transmettre des messages intuitifs ou spirituels re\u00e7us durant la s\u00e9ance. Ce type de soin offre un accompagnement &hellip; <\/p>\n","protected":false},"author":1,"featured_media":0,"parent":0,"menu_order":0,"comment_status":"closed","ping_status":"closed","template":"","meta":{"footnotes":""},"class_list":["post-128","page","type-page","status-publish","hentry","has-meta has-sticky-meta"],"_links":{"self":[{"href":"https:\/\/evoluzen.fr\/index.php\/wp-json\/wp\/v2\/pages\/128","targetHints":{"allow":["GET"]}}],"collection":[{"href":"https:\/\/evoluzen.fr\/index.php\/wp-json\/wp\/v2\/pages"}],"about":[{"href":"https:\/\/evoluzen.fr\/index.php\/wp-json\/wp\/v2\/types\/page"}],"author":[{"embeddable":true,"href":"https:\/\/evoluzen.fr\/index.php\/wp-json\/wp\/v2\/users\/1"}],"replies":[{"embeddable":true,"href":"https:\/\/evoluzen.fr\/index.php\/wp-json\/wp\/v2\/comments?post=128"}],"version-history":[{"count":24,"href":"https:\/\/evoluzen.fr\/index.php\/wp-json\/wp\/v2\/pages\/128\/revisions"}],"predecessor-version":[{"id":812,"href":"https:\/\/evoluzen.fr\/index.php\/wp-json\/wp\/v2\/pages\/128\/revisions\/812"}],"wp:attachment":[{"href":"https:\/\/evoluzen.fr\/index.php\/wp-json\/wp\/v2\/media?parent=128"}],"curies":[{"name":"wp","href":"https:\/\/api.w.org\/{rel}","templated":true}]}}