{"id":120,"date":"2024-12-10T14:00:09","date_gmt":"2024-12-10T13:00:09","guid":{"rendered":"https:\/\/evoluzen.fr\/?page_id=120"},"modified":"2026-02-17T08:52:51","modified_gmt":"2026-02-17T07:52:51","slug":"a-propos-de-moi","status":"publish","type":"page","link":"https:\/\/evoluzen.fr\/index.php\/a-propos-de-moi\/","title":{"rendered":"\u00c0 propos"},"content":{"rendered":"\n<p class=\"has-link-color wp-elements-946f9c9cc129b7ce2ed11c58bf452e5e\">Bienvenue dans cet espace de lumi\u00e8re, je suis <strong>V\u00e9ronique<\/strong>, coach de vie spirituelle, m\u00e9dium et accompagnante de l\u2019\u00e2me.<\/p>\n\n\n\n<p>\u00c0 travers mes mots, mon \u00e9nergie et ma pr\u00e9sence, je <strong>s\u00e8me des graines d\u2019\u00e9veil et d\u2019harmonie <\/strong>dans les c\u0153urs en qu\u00eate d\u2019\u00e9quilibre. Chaque rencontre est pour moi une vibration unique, un moment sacr\u00e9 o\u00f9 une conscience s\u2019ouvre, o\u00f9 une paix int\u00e9rieure rena\u00eet.<\/p>\n\n\n\n<p>J\u2019accompagne celles et ceux qui souhaitent <strong>se reconnecter \u00e0 leur essence<\/strong>, lib\u00e9rer les m\u00e9moires du pass\u00e9, retrouver la confiance et l\u2019\u00e9lan du c\u0153ur.<\/p>\n\n\n\n<p>Mes prestations se d\u00e9roulent exclusivement en <strong>distanciel<\/strong>, dans la douceur et le confort propre \u00e0 chacun. Cette approche nous relie c\u0153ur \u00e0 c\u0153ur, au-del\u00e0 des distances, en accueillant les \u00e9nergies avec encore plus de fluidit\u00e9 et de s\u00e9r\u00e9nit\u00e9.<\/p>\n\n\n\n<p>Par la guidance, les soins \u00e9nerg\u00e9tiques, la communication subtile et l\u2019\u00e9coute profonde, je cr\u00e9e un espace s\u00fbr o\u00f9 l\u2019\u00e2me peut se d\u00e9poser, se r\u00e9v\u00e9ler et s\u2019\u00e9panouir.<\/p>\n\n\n\n<p>Nous sommes porteurs de lumi\u00e8re.<\/p>\n\n\n\n<p>Mon r\u00f4le est simplement d\u2019<strong>\u00e9veiller cette lumi\u00e8re<\/strong>, de semer en vous la graine d\u2019un nouvel \u00e9quilibre, afin que, le moment venu, elle germe et rayonne \u00e0 travers toute votre vie.<\/p>\n\n\n\n<p><em><strong>Bienvenue sur ce chemin de transformation, d\u2019amour et de conscience.<\/strong><\/em><\/p>\n\n\n\n<div class=\"wp-block-group\"><div class=\"wp-block-group__inner-container is-layout-constrained wp-block-group-is-layout-constrained\"><div class=\"wp-block-image\">\n<figure class=\"aligncenter size-large is-resized\"><img loading=\"lazy\" decoding=\"async\" width=\"683\" height=\"1024\" src=\"https:\/\/evoluzen.fr\/wp-content\/uploads\/2026\/02\/Upfoto_lunUkoXKMxDJvBz8SoP4icSzofzL1WZSR1e9abBWRpj0N_085147-683x1024.jpg\" alt=\"\" class=\"wp-image-802\" style=\"width:414px;height:auto\" srcset=\"https:\/\/evoluzen.fr\/wp-content\/uploads\/2026\/02\/Upfoto_lunUkoXKMxDJvBz8SoP4icSzofzL1WZSR1e9abBWRpj0N_085147-683x1024.jpg 683w, https:\/\/evoluzen.fr\/wp-content\/uploads\/2026\/02\/Upfoto_lunUkoXKMxDJvBz8SoP4icSzofzL1WZSR1e9abBWRpj0N_085147-200x300.jpg 200w, https:\/\/evoluzen.fr\/wp-content\/uploads\/2026\/02\/Upfoto_lunUkoXKMxDJvBz8SoP4icSzofzL1WZSR1e9abBWRpj0N_085147-768x1152.jpg 768w, https:\/\/evoluzen.fr\/wp-content\/uploads\/2026\/02\/Upfoto_lunUkoXKMxDJvBz8SoP4icSzofzL1WZSR1e9abBWRpj0N_085147-1024x1536.jpg 1024w, https:\/\/evoluzen.fr\/wp-content\/uploads\/2026\/02\/Upfoto_lunUkoXKMxDJvBz8SoP4icSzofzL1WZSR1e9abBWRpj0N_085147.jpg 1344w\" sizes=\"auto, (max-width: 683px) 100vw, 683px\" \/><\/figure>\n<\/div><\/div><\/div>\n\n\n\n<h6 class=\"wp-block-heading has-text-align-center\"><em>V\u00e9ronique Tr\u00e2n-khac<\/em><\/h6>\n\n\n\n\n\n<p><\/p>\n","protected":false},"excerpt":{"rendered":"<p>Bienvenue dans cet espace de lumi\u00e8re, je suis V\u00e9ronique, coach de vie spirituelle, m\u00e9dium et accompagnante de l\u2019\u00e2me. \u00c0 travers mes mots, mon \u00e9nergie et ma pr\u00e9sence, je s\u00e8me des &hellip; <\/p>\n","protected":false},"author":1,"featured_media":707,"parent":0,"menu_order":0,"comment_status":"closed","ping_status":"closed","template":"","meta":{"footnotes":"[]"},"class_list":["post-120","page","type-page","status-publish","has-post-thumbnail","hentry","has-meta has-sticky-meta"],"_links":{"self":[{"href":"https:\/\/evoluzen.fr\/index.php\/wp-json\/wp\/v2\/pages\/120","targetHints":{"allow":["GET"]}}],"collection":[{"href":"https:\/\/evoluzen.fr\/index.php\/wp-json\/wp\/v2\/pages"}],"about":[{"href":"https:\/\/evoluzen.fr\/index.php\/wp-json\/wp\/v2\/types\/page"}],"author":[{"embeddable":true,"href":"https:\/\/evoluzen.fr\/index.php\/wp-json\/wp\/v2\/users\/1"}],"replies":[{"embeddable":true,"href":"https:\/\/evoluzen.fr\/index.php\/wp-json\/wp\/v2\/comments?post=120"}],"version-history":[{"count":41,"href":"https:\/\/evoluzen.fr\/index.php\/wp-json\/wp\/v2\/pages\/120\/revisions"}],"predecessor-version":[{"id":849,"href":"https:\/\/evoluzen.fr\/index.php\/wp-json\/wp\/v2\/pages\/120\/revisions\/849"}],"wp:featuredmedia":[{"embeddable":true,"href":"https:\/\/evoluzen.fr\/index.php\/wp-json\/wp\/v2\/media\/707"}],"wp:attachment":[{"href":"https:\/\/evoluzen.fr\/index.php\/wp-json\/wp\/v2\/media?parent=120"}],"curies":[{"name":"wp","href":"https:\/\/api.w.org\/{rel}","templated":true}]}}